{"id":234,"date":"2022-04-22T00:00:27","date_gmt":"2022-04-21T21:00:27","guid":{"rendered":"https:\/\/metplas.com.tr\/?page_id=234"},"modified":"2025-04-13T21:20:22","modified_gmt":"2025-04-13T18:20:22","slug":"katalog","status":"publish","type":"page","link":"https:\/\/metplas.com.tr\/en\/katalog\/","title":{"rendered":"CATALOGS"},"content":{"rendered":"<section class=\"section dark\" id=\"section_1282974647\">\n\t\t<div class=\"section-bg fill\" >\n\t\t\t\t\t\t\t\t\t\n\t\t\t\n\n\t\t<\/div>\n\n\t\t\n\n\t\t<div class=\"section-content relative\">\n\t\t\t\n\n<div class=\"row align-center\"  id=\"row-387463071\">\n\n\n\t<div id=\"col-898388279\" class=\"col medium-7 small-12 large-5\"  >\n\t\t\t\t<div class=\"col-inner text-center\"  >\n\t\t\t\n\t\t\t\n\n\t<div id=\"text-800475972\" class=\"text\">\n\t\t\n\n<h2>CATALOGS<\/h2>\n\t\t\n<style>\n#text-800475972 {\n  font-size: 1.25rem;\n}\n<\/style>\n\t<\/div>\n\t\n\n\t\t<\/div>\n\t\t\t\t\t<\/div>\n\n\t\n\n<\/div>\n<div class=\"row row-large row-full-width\"  id=\"row-1085967549\">\n\n\n\t<div id=\"col-1146912437\" class=\"col medium-12 small-12 large-4\"  >\n\t\t\t\t<div class=\"col-inner text-center\"  >\n\t\t\t\n\t\t\t\n\n\t<div class=\"box has-hover   has-hover box-text-bottom\" >\n\n\t\t<div class=\"box-image\" >\n\t\t\t<a href=\"https:\/\/rubikap.com\/wp-content\/uploads\/\/Rubikap-Reusable-Products-Catalog.pdf\" target=\"_blank\" rel=\"noopener\" >\t\t\t<div class=\"image-zoom\" >\n\t\t\t\t<img loading=\"lazy\" decoding=\"async\" width=\"1200\" height=\"800\" src=\"https:\/\/metplas.com.tr\/wp-content\/uploads\/2025\/04\/rubikap-katalog-2025.png\" class=\"attachment- size-\" alt=\"\" srcset=\"https:\/\/metplas.com.tr\/wp-content\/uploads\/2025\/04\/rubikap-katalog-2025.png 1200w, https:\/\/metplas.com.tr\/wp-content\/uploads\/2025\/04\/rubikap-katalog-2025-600x400.png 600w, https:\/\/metplas.com.tr\/wp-content\/uploads\/2025\/04\/rubikap-katalog-2025-768x512.png 768w, https:\/\/metplas.com.tr\/wp-content\/uploads\/2025\/04\/rubikap-katalog-2025-18x12.png 18w\" sizes=\"auto, (max-width: 1200px) 100vw, 1200px\" \/>\t\t\t\t\t\t\t\t\t\t\t<\/div>\n\t\t\t<\/a>\t\t<\/div>\n\n\t\t<div class=\"box-text text-center\" style=\"background-color:rgb(41, 41, 41);\">\n\t\t\t<div class=\"box-text-inner\">\n\t\t\t\t\n\n\t<div id=\"gap-1400488722\" class=\"gap-element clearfix\" style=\"display:block; height:auto;\">\n\t\t\n<style>\n#gap-1400488722 {\n  padding-top: 10px;\n}\n<\/style>\n\t<\/div>\n\t\n\n\t<div id=\"text-2322491244\" class=\"text\">\n\t\t\n\n<p><strong><span style=\"font-size: 80%;\">Reusable Products<\/span><\/strong><\/p>\n<div id=\"gtx-trans\" style=\"position: absolute; left: -38px; top: -4.54688px;\">\n<div class=\"gtx-trans-icon\">\u00a0<\/div>\n<\/div>\n\t\t\n<style>\n#text-2322491244 {\n  font-size: 1.25rem;\n}\n<\/style>\n\t<\/div>\n\t\n<a href=\"https:\/\/rubikap.com\/wp-content\/uploads\/\/Rubikap-Reusable-Products-Catalog.pdf\" target=\"_blank\" class=\"button alert\" rel=\"noopener\" style=\"border-radius:8px;padding:0px 19px 0px 19px;\">\n\t\t<span>PDF<\/span>\n\t<\/a>\n\n\n\n\t\t\t<\/div>\n\t\t<\/div>\n\t<\/div>\n\t\n\n\t\t<\/div>\n\t\t\t\t\t<\/div>\n\n\t\n\n\t<div id=\"col-1845117207\" class=\"col medium-12 small-12 large-4\"  >\n\t\t\t\t<div class=\"col-inner text-center\"  >\n\t\t\t\n\t\t\t\n\n\t<div class=\"box has-hover   has-hover box-text-bottom\" >\n\n\t\t<div class=\"box-image\" >\n\t\t\t<a href=\"https:\/\/rubikap.com\/wp-content\/uploads\/Rubikap-MultiusePS-Products.pdf\" target=\"_blank\" rel=\"noopener\" >\t\t\t<div class=\"image-zoom\" >\n\t\t\t\t<img loading=\"lazy\" decoding=\"async\" width=\"1200\" height=\"800\" src=\"https:\/\/metplas.com.tr\/wp-content\/uploads\/2025\/04\/rubikap-katalog-tek-kullanimlik.png\" class=\"attachment- size-\" alt=\"\" srcset=\"https:\/\/metplas.com.tr\/wp-content\/uploads\/2025\/04\/rubikap-katalog-tek-kullanimlik.png 1200w, https:\/\/metplas.com.tr\/wp-content\/uploads\/2025\/04\/rubikap-katalog-tek-kullanimlik-600x400.png 600w, https:\/\/metplas.com.tr\/wp-content\/uploads\/2025\/04\/rubikap-katalog-tek-kullanimlik-768x512.png 768w, https:\/\/metplas.com.tr\/wp-content\/uploads\/2025\/04\/rubikap-katalog-tek-kullanimlik-18x12.png 18w\" sizes=\"auto, (max-width: 1200px) 100vw, 1200px\" \/>\t\t\t\t\t\t\t\t\t\t\t<\/div>\n\t\t\t<\/a>\t\t<\/div>\n\n\t\t<div class=\"box-text text-center\" style=\"background-color:rgb(41, 41, 41);\">\n\t\t\t<div class=\"box-text-inner\">\n\t\t\t\t\n\n\t<div id=\"gap-854855239\" class=\"gap-element clearfix\" style=\"display:block; height:auto;\">\n\t\t\n<style>\n#gap-854855239 {\n  padding-top: 10px;\n}\n<\/style>\n\t<\/div>\n\t\n\n\t<div id=\"text-164361219\" class=\"text\">\n\t\t\n\n<p><strong><span style=\"font-size: 80%;\">Multi-use PS Products<\/span><\/strong><\/p>\n<div id=\"gtx-trans\" style=\"position: absolute; left: -19px; top: -8.60156px;\">\n<div class=\"gtx-trans-icon\">\u00a0<\/div>\n<\/div>\n\t\t\n<style>\n#text-164361219 {\n  font-size: 1.25rem;\n}\n<\/style>\n\t<\/div>\n\t\n<a href=\"https:\/\/rubikap.com\/wp-content\/uploads\/Rubikap-MultiusePS-Products.pdf\" target=\"_blank\" class=\"button alert\" rel=\"noopener\" style=\"border-radius:8px;padding:0px 19px 0px 19px;\">\n\t\t<span>pdf<\/span>\n\t<\/a>\n\n\n\n\t\t\t<\/div>\n\t\t<\/div>\n\t<\/div>\n\t\n\n\t\t<\/div>\n\t\t\t\t\t<\/div>\n\n\t\n\n\t<div id=\"col-721359438\" class=\"col medium-12 small-12 large-4\"  >\n\t\t\t\t<div class=\"col-inner text-center\"  >\n\t\t\t\n\t\t\t\n\n\t<div class=\"box has-hover   has-hover box-text-bottom\" >\n\n\t\t<div class=\"box-image\" >\n\t\t\t<a href=\"https:\/\/comfy.com.tr\/wp-content\/uploads\/Comfy-Catalog.pdf\" target=\"_blank\" rel=\"noopener\" >\t\t\t<div class=\"image-zoom\" >\n\t\t\t\t<img loading=\"lazy\" decoding=\"async\" width=\"1200\" height=\"800\" src=\"https:\/\/metplas.com.tr\/wp-content\/uploads\/2025\/04\/Comfy-Catalog.png\" class=\"attachment- size-\" alt=\"\" srcset=\"https:\/\/metplas.com.tr\/wp-content\/uploads\/2025\/04\/Comfy-Catalog.png 1200w, https:\/\/metplas.com.tr\/wp-content\/uploads\/2025\/04\/Comfy-Catalog-600x400.png 600w, https:\/\/metplas.com.tr\/wp-content\/uploads\/2025\/04\/Comfy-Catalog-768x512.png 768w, https:\/\/metplas.com.tr\/wp-content\/uploads\/2025\/04\/Comfy-Catalog-18x12.png 18w\" sizes=\"auto, (max-width: 1200px) 100vw, 1200px\" \/>\t\t\t\t\t\t\t\t\t\t\t<\/div>\n\t\t\t<\/a>\t\t<\/div>\n\n\t\t<div class=\"box-text text-center\" style=\"background-color:rgb(41, 41, 41);\">\n\t\t\t<div class=\"box-text-inner\">\n\t\t\t\t\n\n\t<div id=\"gap-1450163126\" class=\"gap-element clearfix\" style=\"display:block; height:auto;\">\n\t\t\n<style>\n#gap-1450163126 {\n  padding-top: 10px;\n}\n<\/style>\n\t<\/div>\n\t\n\n\t<div id=\"text-2614512035\" class=\"text\">\n\t\t\n\n<p><strong><span style=\"font-size: 80%;\">Shoes Accessories and Showcase<\/span><\/strong><\/p>\n<div id=\"gtx-trans\" style=\"position: absolute; left: -6px; top: 33.3984px;\">\n<div class=\"gtx-trans-icon\">\u00a0<\/div>\n<\/div>\n\t\t\n<style>\n#text-2614512035 {\n  font-size: 1.25rem;\n}\n<\/style>\n\t<\/div>\n\t\n<a href=\"https:\/\/comfy.com.tr\/wp-content\/uploads\/Comfy-Catalog.pdf\" target=\"_blank\" class=\"button alert\" rel=\"noopener\" style=\"border-radius:8px;padding:0px 19px 0px 19px;\">\n\t\t<span>PDF<\/span>\n\t<\/a>\n\n\n\n\t\t\t<\/div>\n\t\t<\/div>\n\t<\/div>\n\t\n\n\t\t<\/div>\n\t\t\t\t\t<\/div>\n\n\t\n\n<\/div>\n\n\t\t<\/div>\n\n\t\t\n<style>\n#section_1282974647 {\n  padding-top: 50px;\n  padding-bottom: 50px;\n  background-color: rgb(32, 32, 32);\n}\n@media (min-width:850px) {\n  #section_1282974647 {\n    padding-top: 90px;\n    padding-bottom: 90px;\n  }\n}\n<\/style>\n\t<\/section>\n\t\n\n\t<section class=\"section dark\" id=\"section_91523172\">\n\t\t<div class=\"section-bg fill\" >\n\t\t\t\t\t\t\t\t\t\n\t\t\t\n\n\t\t<\/div>\n\n\t\t\n\n\t\t<div class=\"section-content relative\">\n\t\t\t\n\n\t<div id=\"gap-601616094\" class=\"gap-element clearfix\" style=\"display:block; height:auto;\">\n\t\t\n<style>\n#gap-601616094 {\n  padding-top: 30px;\n}\n<\/style>\n\t<\/div>\n\t\n\n<div class=\"row\"  id=\"row-1296182657\">\n\n\n\t<div id=\"col-855921999\" class=\"col medium-6 small-12 large-4\"  >\n\t\t\t\t<div class=\"col-inner\"  >\n\t\t\t\n\t\t\t\n\n\t<div class=\"img has-hover x md-x lg-x y md-y lg-y\" id=\"image_1602934981\">\n\t\t\t\t\t\t\t\t<div class=\"img-inner dark\" >\n\t\t\t<img loading=\"lazy\" decoding=\"async\" width=\"816\" height=\"341\" src=\"https:\/\/metplas.com.tr\/wp-content\/uploads\/2022\/04\/METPLASLogo-1.png\" class=\"attachment-large size-large\" alt=\"\" srcset=\"https:\/\/metplas.com.tr\/wp-content\/uploads\/2022\/04\/METPLASLogo-1.png 816w, https:\/\/metplas.com.tr\/wp-content\/uploads\/2022\/04\/METPLASLogo-1-800x334.png 800w, https:\/\/metplas.com.tr\/wp-content\/uploads\/2022\/04\/METPLASLogo-1-768x321.png 768w, https:\/\/metplas.com.tr\/wp-content\/uploads\/2022\/04\/METPLASLogo-1-600x251.png 600w\" sizes=\"auto, (max-width: 816px) 100vw, 816px\" \/>\t\t\t\t\t\t\n\t\t\t\t\t<\/div>\n\t\t\t\t\t\t\t\t\n<style>\n#image_1602934981 {\n  width: 60%;\n}\n@media (min-width:550px) {\n  #image_1602934981 {\n    width: 30%;\n  }\n}\n@media (min-width:850px) {\n  #image_1602934981 {\n    width: 60%;\n  }\n}\n<\/style>\n\t<\/div>\n\t\n\n\t<div id=\"gap-1937671587\" class=\"gap-element clearfix\" style=\"display:block; height:auto;\">\n\t\t\n<style>\n#gap-1937671587 {\n  padding-top: 10px;\n}\n<\/style>\n\t<\/div>\n\t\n\n<p>Maltepe Mh. Hastane Yolu Sk.<br \/>No:1 34010 Zeytinburnu<br \/>\u0130stanbul \u2013 TURKEY<\/p>\n<div id=\"gtx-trans\" style=\"position: absolute; left: -24px; top: -11.1016px;\">\n<div class=\"gtx-trans-icon\">&nbsp;<\/div>\n<\/div>\n<a class=\"button white is-link is-small\" >\n\t<i class=\"icon-phone\" aria-hidden=\"true\"><\/i>\t<span>+90 212 567 35 36<\/span>\n\t<\/a>\n\n\n<a class=\"button white is-link is-small lowercase\" >\n\t<i class=\"icon-envelop\" aria-hidden=\"true\"><\/i>\t<span>info@metplas.com.tr<\/span>\n\t<\/a>\n\n\n\n\t\t<\/div>\n\t\t\t\t\t<\/div>\n\n\t\n\n\t<div id=\"col-1369546790\" class=\"col medium-12 small-12 large-8\"  >\n\t\t\t\t<div class=\"col-inner\"  >\n\t\t\t\n\t\t\t\n\n<div class=\"row row-small\"  id=\"row-1993349720\">\n\n\n\t<div id=\"col-525948394\" class=\"col medium-4 small-12 large-4\"  >\n\t\t\t\t<div class=\"col-inner\"  >\n\t\t\t\n\t\t\t\n\n<h4>METPLAS<\/h4>\n<ul>\n<li><a href=\"https:\/\/metplas.com.tr\/en\/\"><span style=\"font-size: 90%;\">HOME<\/span><\/a><\/li>\n<li><a href=\"https:\/\/metplas.com.tr\/en\/hakkimizda\/\"><span style=\"font-size: 12.96px;\">ABOUT US<\/span><\/a><\/li>\n<li><a href=\"https:\/\/metplas.com.tr\/en\/sertifikalar\/\"><span style=\"font-size: 12.96px;\">CERTIFICATES<\/span><\/a><\/li>\n<li><a href=\"https:\/\/metplas.com.tr\/en\/sertifikalar\/\">F.A.Q.<\/a><\/li>\n<li><a href=\"https:\/\/metplas.com.tr\/en\/iletisim\/\">CONTACT<\/a><\/li>\n<\/ul>\n\n\t\t<\/div>\n\t\t\t\t\t<\/div>\n\n\t\n\n\t<div id=\"col-1481643274\" class=\"col medium-4 small-12 large-4\"  >\n\t\t\t\t<div class=\"col-inner\"  >\n\t\t\t\n\t\t\t\n\n<h4>OUR BRANDS<\/h4>\n<ul>\n<li class=\"bullet-arrow\"><a href=\"https:\/\/rubikap.com\/\" target=\"_blank\" rel=\"noopener\"><span style=\"font-size: 12.96px;\">Rubikap<\/span><\/a><\/li>\n<li class=\"bullet-arrow\"><a href=\"https:\/\/comfy.com.tr\/\" target=\"_blank\" rel=\"noopener\"><span style=\"font-size: 12.96px;\">Comfy<\/span><\/a><\/li>\n<\/ul>\n\n\t\t<\/div>\n\t\t\t\t\t<\/div>\n\n\t\n\n\t<div id=\"col-366122514\" class=\"col medium-4 small-12 large-4\"  >\n\t\t\t\t<div class=\"col-inner\"  >\n\t\t\t\n\t\t\t\n\n<h4>SOCIAL MEDIA<\/h4>\n<div id=\"gtx-trans\" style=\"position: absolute; left: -16px; top: -6.35156px;\">\n<div class=\"gtx-trans-icon\">&nbsp;<\/div>\n<\/div>\n<div class=\"social-icons follow-icons full-width text-left\" ><a href=\"https:\/\/www.instagram.com\/rubikap\" target=\"_blank\" data-label=\"Instagram\" class=\"icon button circle is-outline tooltip instagram\" title=\"Follow on Instagram\" aria-label=\"Follow on Instagram\" rel=\"noopener nofollow\"><i class=\"icon-instagram\" aria-hidden=\"true\"><\/i><\/a><a href=\"https:\/\/www.linkedin.com\/company\/rubikap\" data-label=\"LinkedIn\" target=\"_blank\" class=\"icon button circle is-outline tooltip linkedin\" title=\"Follow on LinkedIn\" aria-label=\"Follow on LinkedIn\" rel=\"noopener nofollow\"><i class=\"icon-linkedin\" aria-hidden=\"true\"><\/i><\/a><a href=\"https:\/\/www.youtube.com\/channel\/UC1GiuVgjjGVTFags6eP43jA\" data-label=\"YouTube\" target=\"_blank\" class=\"icon button circle is-outline tooltip youtube\" title=\"Follow on YouTube\" aria-label=\"Follow on YouTube\" rel=\"noopener nofollow\"><i class=\"icon-youtube\" aria-hidden=\"true\"><\/i><\/a><\/div>\n\n\n\t\t<\/div>\n\t\t\t\t\t<\/div>\n\n\t\n\n<\/div>\n<div class=\"is-divider divider clearfix\" style=\"max-width:100%;height:2px;background-color:rgb(255, 255, 255);\"><\/div>\n\n\n\t\t<\/div>\n\t\t\t\t\n<style>\n#col-1369546790 > .col-inner {\n  padding: 0px 0px 0px 0px;\n  margin: 0px 0px 0 0px;\n}\n<\/style>\n\t<\/div>\n\n\t\n\n<\/div>\n\n\t\t<\/div>\n\n\t\t\n<style>\n#section_91523172 {\n  padding-top: 0px;\n  padding-bottom: 0px;\n  background-color: rgb(91, 91, 91);\n}\n@media (min-width:550px) {\n  #section_91523172 {\n    padding-top: 0px;\n    padding-bottom: 0px;\n  }\n}\n<\/style>\n\t<\/section>","protected":false},"excerpt":{"rendered":"","protected":false},"author":1,"featured_media":0,"parent":0,"menu_order":0,"comment_status":"closed","ping_status":"closed","template":"page-transparent-header-light.php","meta":{"footnotes":""},"class_list":["post-234","page","type-page","status-publish","hentry"],"yoast_head":"<!-- This site is optimized with the Yoast SEO plugin v27.4 - https:\/\/yoast.com\/product\/yoast-seo-wordpress\/ -->\n<title>KATALOGLAR - Metplas Plastic<\/title>\n<meta name=\"description\" content=\"Rubikap ve Comfy \u00fcr\u00fcn gruplar\u0131n\u0131n t\u00fcm \u00fcr\u00fcn kataloglar\u0131na buradan ula\u015fabilirsiniz.\" \/>\n<meta name=\"robots\" content=\"index, follow, max-snippet:-1, max-image-preview:large, max-video-preview:-1\" \/>\n<link rel=\"canonical\" href=\"https:\/\/metplas.com.tr\/en\/katalog\/\" \/>\n<meta property=\"og:locale\" content=\"en_US\" \/>\n<meta property=\"og:type\" content=\"article\" \/>\n<meta property=\"og:title\" content=\"KATALOGLAR - Metplas Plastic\" \/>\n<meta property=\"og:description\" content=\"Rubikap ve Comfy \u00fcr\u00fcn gruplar\u0131n\u0131n t\u00fcm \u00fcr\u00fcn kataloglar\u0131na buradan ula\u015fabilirsiniz.\" \/>\n<meta property=\"og:url\" content=\"https:\/\/metplas.com.tr\/en\/katalog\/\" \/>\n<meta property=\"og:site_name\" content=\"Metplas Plastic\" \/>\n<meta property=\"article:publisher\" content=\"https:\/\/www.facebook.com\/MetplasPlastic\" \/>\n<meta property=\"article:modified_time\" content=\"2025-04-13T18:20:22+00:00\" \/>\n<meta name=\"twitter:card\" content=\"summary_large_image\" \/>\n<meta name=\"twitter:site\" content=\"@rubikapplastic\" \/>\n<meta name=\"twitter:label1\" content=\"Est. reading time\" \/>\n\t<meta name=\"twitter:data1\" content=\"2 minutes\" \/>\n<!-- \/ Yoast SEO plugin. -->","yoast_head_json":{"title":"KATALOGLAR - Metplas Plastic","description":"Rubikap ve Comfy \u00fcr\u00fcn gruplar\u0131n\u0131n t\u00fcm \u00fcr\u00fcn kataloglar\u0131na buradan ula\u015fabilirsiniz.","robots":{"index":"index","follow":"follow","max-snippet":"max-snippet:-1","max-image-preview":"max-image-preview:large","max-video-preview":"max-video-preview:-1"},"canonical":"https:\/\/metplas.com.tr\/en\/katalog\/","og_locale":"en_US","og_type":"article","og_title":"KATALOGLAR - Metplas Plastic","og_description":"Rubikap ve Comfy \u00fcr\u00fcn gruplar\u0131n\u0131n t\u00fcm \u00fcr\u00fcn kataloglar\u0131na buradan ula\u015fabilirsiniz.","og_url":"https:\/\/metplas.com.tr\/en\/katalog\/","og_site_name":"Metplas Plastic","article_publisher":"https:\/\/www.facebook.com\/MetplasPlastic","article_modified_time":"2025-04-13T18:20:22+00:00","twitter_card":"summary_large_image","twitter_site":"@rubikapplastic","twitter_misc":{"Est. reading time":"2 minutes"},"schema":{"@context":"https:\/\/schema.org","@graph":[{"@type":"TechArticle","@id":"https:\/\/metplas.com.tr\/katalog\/#article","isPartOf":{"@id":"https:\/\/metplas.com.tr\/katalog\/"},"author":{"name":"Metplas","@id":"https:\/\/metplas.com.tr\/#\/schema\/person\/69c8b602517eb0035cfa8b1a48b057e9"},"headline":"KATALOGLAR","datePublished":"2022-04-21T21:00:27+00:00","dateModified":"2025-04-13T18:20:22+00:00","mainEntityOfPage":{"@id":"https:\/\/metplas.com.tr\/katalog\/"},"wordCount":428,"publisher":{"@id":"https:\/\/metplas.com.tr\/#organization"},"inLanguage":"en-US"},{"@type":"WebPage","@id":"https:\/\/metplas.com.tr\/katalog\/","url":"https:\/\/metplas.com.tr\/katalog\/","name":"KATALOGLAR - Metplas Plastic","isPartOf":{"@id":"https:\/\/metplas.com.tr\/#website"},"datePublished":"2022-04-21T21:00:27+00:00","dateModified":"2025-04-13T18:20:22+00:00","description":"Rubikap ve Comfy \u00fcr\u00fcn gruplar\u0131n\u0131n t\u00fcm \u00fcr\u00fcn kataloglar\u0131na buradan ula\u015fabilirsiniz.","breadcrumb":{"@id":"https:\/\/metplas.com.tr\/katalog\/#breadcrumb"},"inLanguage":"en-US","potentialAction":[{"@type":"ReadAction","target":["https:\/\/metplas.com.tr\/katalog\/"]}]},{"@type":"BreadcrumbList","@id":"https:\/\/metplas.com.tr\/katalog\/#breadcrumb","itemListElement":[{"@type":"ListItem","position":1,"name":"Anasayfa","item":"https:\/\/metplas.com.tr\/"},{"@type":"ListItem","position":2,"name":"KATALOGLAR"}]},{"@type":"WebSite","@id":"https:\/\/metplas.com.tr\/#website","url":"https:\/\/metplas.com.tr\/","name":"Metplas Plastik","description":"Metplas Plastik","publisher":{"@id":"https:\/\/metplas.com.tr\/#organization"},"potentialAction":[{"@type":"SearchAction","target":{"@type":"EntryPoint","urlTemplate":"https:\/\/metplas.com.tr\/?s={search_term_string}"},"query-input":{"@type":"PropertyValueSpecification","valueRequired":true,"valueName":"search_term_string"}}],"inLanguage":"en-US"},{"@type":"Organization","@id":"https:\/\/metplas.com.tr\/#organization","name":"Metplas Plastik","alternateName":"Metplas","url":"https:\/\/metplas.com.tr\/","logo":{"@type":"ImageObject","inLanguage":"en-US","@id":"https:\/\/metplas.com.tr\/#\/schema\/logo\/image\/","url":"https:\/\/metplas.com.tr\/wp-content\/uploads\/2022\/04\/METPLASLogo.png","contentUrl":"https:\/\/metplas.com.tr\/wp-content\/uploads\/2022\/04\/METPLASLogo.png","width":816,"height":341,"caption":"Metplas Plastik"},"image":{"@id":"https:\/\/metplas.com.tr\/#\/schema\/logo\/image\/"},"sameAs":["https:\/\/www.facebook.com\/MetplasPlastic","https:\/\/x.com\/rubikapplastic","https:\/\/www.instagram.com\/rubikap","https:\/\/www.youtube.com\/channel\/UC1GiuVgjjGVTFags6eP43jA","https:\/\/www.linkedin.com\/company\/rubikap"]},{"@type":"Person","@id":"https:\/\/metplas.com.tr\/#\/schema\/person\/69c8b602517eb0035cfa8b1a48b057e9","name":"Metplas","image":{"@type":"ImageObject","inLanguage":"en-US","@id":"https:\/\/secure.gravatar.com\/avatar\/8e5f894696315080ff259889b3a663a799cf74a45b96332a99f5dca8af313c7c?s=96&d=mm&r=g","url":"https:\/\/secure.gravatar.com\/avatar\/8e5f894696315080ff259889b3a663a799cf74a45b96332a99f5dca8af313c7c?s=96&d=mm&r=g","contentUrl":"https:\/\/secure.gravatar.com\/avatar\/8e5f894696315080ff259889b3a663a799cf74a45b96332a99f5dca8af313c7c?s=96&d=mm&r=g","caption":"Metplas"},"sameAs":["https:\/\/metplas.com.tr"],"url":"https:\/\/metplas.com.tr\/en\/author\/metplas\/"}]}},"_links":{"self":[{"href":"https:\/\/metplas.com.tr\/en\/wp-json\/wp\/v2\/pages\/234","targetHints":{"allow":["GET"]}}],"collection":[{"href":"https:\/\/metplas.com.tr\/en\/wp-json\/wp\/v2\/pages"}],"about":[{"href":"https:\/\/metplas.com.tr\/en\/wp-json\/wp\/v2\/types\/page"}],"author":[{"embeddable":true,"href":"https:\/\/metplas.com.tr\/en\/wp-json\/wp\/v2\/users\/1"}],"replies":[{"embeddable":true,"href":"https:\/\/metplas.com.tr\/en\/wp-json\/wp\/v2\/comments?post=234"}],"version-history":[{"count":26,"href":"https:\/\/metplas.com.tr\/en\/wp-json\/wp\/v2\/pages\/234\/revisions"}],"predecessor-version":[{"id":1153,"href":"https:\/\/metplas.com.tr\/en\/wp-json\/wp\/v2\/pages\/234\/revisions\/1153"}],"wp:attachment":[{"href":"https:\/\/metplas.com.tr\/en\/wp-json\/wp\/v2\/media?parent=234"}],"curies":[{"name":"wp","href":"https:\/\/api.w.org\/{rel}","templated":true}]}}