{"id":261,"date":"2022-04-22T00:59:00","date_gmt":"2022-04-21T21:59:00","guid":{"rendered":"https:\/\/metplas.com.tr\/?page_id=261"},"modified":"2023-08-06T11:53:14","modified_gmt":"2023-08-06T08:53:14","slug":"iletisim","status":"publish","type":"page","link":"https:\/\/metplas.com.tr\/en\/iletisim\/","title":{"rendered":"CONTACT"},"content":{"rendered":"<div class=\"banner has-hover\" id=\"banner-305380212\">\n          <div class=\"banner-inner fill\">\n        <div class=\"banner-bg fill\" >\n            <img loading=\"lazy\" decoding=\"async\" width=\"1020\" height=\"536\" src=\"https:\/\/metplas.com.tr\/wp-content\/uploads\/2022\/04\/Metplas-Polikarbonat-1400x736.jpg\" class=\"bg attachment-large size-large\" alt=\"\" \/>                        <div class=\"overlay\"><\/div>            \n                    <\/div>\n\t\t\n        <div class=\"banner-layers container\">\n            <div class=\"fill banner-link\"><\/div>            \n\n   <div id=\"text-box-816478172\" class=\"text-box banner-layer x50 md-x50 lg-x50 y50 md-y50 lg-y50 res-text\">\n                                <div class=\"text-box-content text dark\">\n              \n              <div class=\"text-inner text-center\">\n                  \n\n<h3 class=\"uppercase\"><strong>CONTACT<\/strong><\/h3>\n<div id=\"gtx-trans\" style=\"position: absolute; left: -22px; top: -4.34375px;\">\n<div class=\"gtx-trans-icon\">\u00a0<\/div>\n<\/div>\n\n              <\/div>\n           <\/div>\n                            \n<style>\n#text-box-816478172 {\n  width: 60%;\n}\n#text-box-816478172 .text-box-content {\n  font-size: 100%;\n}\n<\/style>\n    <\/div>\n \n\n        <\/div>\n      <\/div>\n\n            \n<style>\n#banner-305380212 {\n  padding-top: 50%;\n}\n#banner-305380212 .overlay {\n  background-color: rgba(0, 0, 0, 0.17);\n}\n@media (min-width:850px) {\n  #banner-305380212 {\n    padding-top: 500px;\n  }\n}\n<\/style>\n  <\/div>\n\n\n<div class=\"row row-large\" style=\"max-width:1400px\" id=\"row-1802597049\">\n\n\n\t<div id=\"col-1761105675\" class=\"col small-12 large-12\"  >\n\t\t\t\t<div class=\"col-inner\" style=\"background-color:rgb(255, 255, 255);\" >\n\t\t\t\n\t\t\t\n\n<div class=\"row row-collapse row-full-width\"  id=\"row-1934715128\">\n\n\n\t<div id=\"col-822370471\" class=\"col medium-5 small-12 large-6\"  >\n\t\t\t\t<div class=\"col-inner\"  >\n\t\t\t\n\t\t\t\n\n\t<div id=\"gap-1921968525\" class=\"gap-element clearfix\" style=\"display:block; height:auto;\">\n\t\t\n<style>\n#gap-1921968525 {\n  padding-top: 20px;\n}\n@media (min-width:550px) {\n  #gap-1921968525 {\n    padding-top: 20px;\n  }\n}\n@media (min-width:850px) {\n  #gap-1921968525 {\n    padding-top: 30px;\n  }\n}\n<\/style>\n\t<\/div>\n\t\n\n<div class=\"row\"  id=\"row-183823866\">\n\n\n\t<div id=\"col-329371869\" class=\"col medium-12 small-12 large-6\"  >\n\t\t\t\t<div class=\"col-inner\"  >\n\t\t\t\n\t\t\t\n\n<h3 class=\"uppercase\">Contact Information<\/h3>\n<h3 class=\"uppercase\">Phone<\/h3>\n<p><a href=\"tel:+902125673536\">+90 212 567 35 36<\/a><br \/><a href=\"tel:+902125013376\">+90 212 501 33 76<\/a><\/p>\n<h3 class=\"uppercase\">E-Mail<\/h3>\n<p><a href=\"mailto:info@metplas.com.tr\">info@metplas.com.tr<\/a><\/p>\n<h3 class=\"uppercase\">Address<\/h3>\n<p>Maltepe Mh. Hastane Yolu Sk.<br \/>No:1 34010 Zeytinburnu<br \/>\u0130stanbul \u2013 TURKEY<\/p>\n<div id=\"gtx-trans\" style=\"position: absolute; left: -23px; top: 254.672px;\">\n<div class=\"gtx-trans-icon\">\u00a0<\/div>\n<\/div>\n\n\t\t<\/div>\n\t\t\t\t\t<\/div>\n\n\t\n\n<\/div>\n\n\t\t<\/div>\n\t\t\t\t\n<style>\n#col-822370471 > .col-inner {\n  padding: 0px 0px 0px 20px;\n}\n<\/style>\n\t<\/div>\n\n\t\n\n\t<div id=\"col-610113515\" class=\"col medium-7 small-12 large-6\"  >\n\t\t\t\t<div class=\"col-inner\"  >\n\t\t\t\n\t\t\t\n\n\t<div id=\"gap-28840496\" class=\"gap-element clearfix\" style=\"display:block; height:auto;\">\n\t\t\n<style>\n#gap-28840496 {\n  padding-top: 20px;\n}\n@media (min-width:550px) {\n  #gap-28840496 {\n    padding-top: 20px;\n  }\n}\n@media (min-width:850px) {\n  #gap-28840496 {\n    padding-top: 30px;\n  }\n}\n<\/style>\n\t<\/div>\n\t\n\n<div class=\"row\"  id=\"row-390834932\">\n\n\n\t<div id=\"col-777770382\" class=\"col small-12 large-12\"  >\n\t\t\t\t<div class=\"col-inner\"  >\n\t\t\t\n\t\t\t\n\n<p><iframe src=\"https:\/\/www.google.com\/maps\/embed?pb=!1m14!1m8!1m3!1d12039.35403776687!2d28.9079839!3d41.0287889!3m2!1i1024!2i768!4f13.1!3m3!1m2!1s0x0%3A0x2741c32934ae04ee!2sMetplas%20Metal%20ve%20Plastik%20Sanayi%20Ticaret%20A.%C5%9E.!5e0!3m2!1str!2str!4v1650583024696!5m2!1str!2str\" width=\"600\" height=\"450\" style=\"border:0;\" allowfullscreen=\"\" loading=\"lazy\" referrerpolicy=\"no-referrer-when-downgrade\"><\/iframe><\/p>\n\n\t\t<\/div>\n\t\t\t\t\t<\/div>\n\n\t\n\n<\/div>\n\n\t\t<\/div>\n\t\t\t\t\t<\/div>\n\n\t\n\n\n<style>\n#row-1934715128 > .col > .col-inner {\n  padding: 0px 15px 0px 15px;\n}\n<\/style>\n<\/div>\n\n\t\t<\/div>\n\t\t\t\t\n<style>\n#col-1761105675 > .col-inner {\n  padding: 50px 20px 0px 20px;\n  margin: -0 0px 0px 0px;\n}\n@media (min-width:550px) {\n  #col-1761105675 > .col-inner {\n    padding: 50px 20px 30px 20px;\n    margin: 0 0px 0px 0px;\n  }\n}\n@media (min-width:850px) {\n  #col-1761105675 > .col-inner {\n    padding: 66px 5% 16px 5%;\n    margin: -135px 0px 0px 0px;\n  }\n}\n<\/style>\n\t<\/div>\n\n\t\n\n<\/div>\n\n\t<section class=\"section\" id=\"section_924678231\">\n\t\t<div class=\"section-bg fill\" >\n\t\t\t<img loading=\"lazy\" decoding=\"async\" width=\"1514\" height=\"1010\" src=\"https:\/\/metplas.com.tr\/wp-content\/uploads\/2022\/04\/Metplas-Polipropilen.png\" class=\"bg attachment- size-\" alt=\"\" \/>\t\t\t\t\t\t<div class=\"section-bg-overlay absolute fill\"><\/div>\n\t\t\t\n\n\t\t<\/div>\n\n\t\t\n\n\t\t<div class=\"section-content relative\">\n\t\t\t\n\n<div class=\"row\"  id=\"row-510828341\">\n\n\n\t<div id=\"col-726532194\" class=\"col medium-12 small-12 large-12\"  >\n\t\t\t\t<div class=\"col-inner text-center dark\"  >\n\t\t\t\n\t\t\t\n\n<div class=\"row\"  id=\"row-1852701932\">\n\n\n\t<div id=\"col-624586626\" class=\"col medium-8 small-12 large-6\"  >\n\t\t\t\t<div class=\"col-inner text-center dark\"  >\n\t\t\t\n\t\t\t\n\n<h3><span style=\"color: #ffffff;\"><strong><span style=\"font-size: 140%;\">Our Customers<\/span><\/strong><\/span><\/h3>\n<div id=\"gtx-trans\" style=\"position: absolute; left: 1px; top: -2.84375px;\">\n<div class=\"gtx-trans-icon\">\u00a0<\/div>\n<\/div>\n\n\t\t<\/div>\n\t\t\t\t\n<style>\n#col-624586626 > .col-inner {\n  margin: 0px 0px -38px 0px;\n}\n<\/style>\n\t<\/div>\n\n\t\n\n<\/div>\n\t<div id=\"gap-1154074080\" class=\"gap-element clearfix\" style=\"display:block; height:auto;\">\n\t\t\n<style>\n#gap-1154074080 {\n  padding-top: 30px;\n}\n<\/style>\n\t<\/div>\n\t\n\n<div class=\"slider-wrapper relative\" id=\"slider-903702626\" >\n    <div class=\"slider slider-nav-simple slider-nav-normal slider-nav-light slider-nav-outside slider-style-normal slider-show-nav\"\n        data-flickity-options='{            \"cellAlign\": \"center\",            \"imagesLoaded\": true,            \"lazyLoad\": 1,            \"freeScroll\": true,            \"wrapAround\": true,            \"autoPlay\": 4000,            \"pauseAutoPlayOnHover\" : false,            \"prevNextButtons\": true,            \"contain\" : true,            \"adaptiveHeight\" : true,            \"dragThreshold\" : 10,            \"percentPosition\": true,            \"pageDots\": false,            \"rightToLeft\": false,            \"draggable\": true,            \"selectedAttraction\": 0.1,            \"parallax\" : 0,            \"friction\": 0.6        }'\n        >\n        \n\n<div class=\"ux-logo has-hover align-middle ux_logo inline-block\" style=\"max-width: 100%!important; width: 154px!important\"><div class=\"ux-logo-link block image-\" title=\"\" href=\"\" style=\"padding: 15px;\"><img decoding=\"async\" src=\"https:\/\/metplas.com.tr\/wp-content\/uploads\/2022\/04\/Ayakkabi-Dunyasi.png\" title=\"\" alt=\"\" class=\"ux-logo-image block\" style=\"height:100px;\" \/><\/div><\/div>\n\n<div class=\"ux-logo has-hover align-middle ux_logo inline-block\" style=\"max-width: 100%!important; width: 154px!important\"><div class=\"ux-logo-link block image-\" title=\"\" href=\"\" style=\"padding: 15px;\"><img decoding=\"async\" src=\"https:\/\/metplas.com.tr\/wp-content\/uploads\/2022\/04\/Boyner.png\" title=\"\" alt=\"\" class=\"ux-logo-image block\" style=\"height:100px;\" \/><\/div><\/div>\n\n<div class=\"ux-logo has-hover align-middle ux_logo inline-block\" style=\"max-width: 100%!important; width: 154px!important\"><div class=\"ux-logo-link block image-\" title=\"\" href=\"\" style=\"padding: 15px;\"><img decoding=\"async\" src=\"https:\/\/metplas.com.tr\/wp-content\/uploads\/2022\/04\/Carrefour-SA.png\" title=\"\" alt=\"\" class=\"ux-logo-image block\" style=\"height:100px;\" \/><\/div><\/div>\n\n<div class=\"ux-logo has-hover align-middle ux_logo inline-block\" style=\"max-width: 100%!important; width: 154px!important\"><div class=\"ux-logo-link block image-\" title=\"\" href=\"\" style=\"padding: 15px;\"><img decoding=\"async\" src=\"https:\/\/metplas.com.tr\/wp-content\/uploads\/2022\/04\/Ceyo.png\" title=\"\" alt=\"\" class=\"ux-logo-image block\" style=\"height:100px;\" \/><\/div><\/div>\n\n<div class=\"ux-logo has-hover align-middle ux_logo inline-block\" style=\"max-width: 100%!important; width: 154px!important\"><div class=\"ux-logo-link block image-\" title=\"\" href=\"\" style=\"padding: 15px;\"><img decoding=\"async\" src=\"https:\/\/metplas.com.tr\/wp-content\/uploads\/2022\/04\/Ciragan-Kempinski.png\" title=\"\" alt=\"\" class=\"ux-logo-image block\" style=\"height:100px;\" \/><\/div><\/div>\n\n<div class=\"ux-logo has-hover align-middle ux_logo inline-block\" style=\"max-width: 100%!important; width: 154px!important\"><div class=\"ux-logo-link block image-\" title=\"\" href=\"\" style=\"padding: 15px;\"><img decoding=\"async\" src=\"https:\/\/metplas.com.tr\/wp-content\/uploads\/2022\/04\/Flo.png\" title=\"\" alt=\"\" class=\"ux-logo-image block\" style=\"height:100px;\" \/><\/div><\/div>\n\n<div class=\"ux-logo has-hover align-middle ux_logo inline-block\" style=\"max-width: 100%!important; width: 154px!important\"><div class=\"ux-logo-link block image-\" title=\"\" href=\"\" style=\"padding: 15px;\"><img decoding=\"async\" src=\"https:\/\/metplas.com.tr\/wp-content\/uploads\/2022\/04\/Lacoste.png\" title=\"\" alt=\"\" class=\"ux-logo-image block\" style=\"height:100px;\" \/><\/div><\/div>\n\n\n     <\/div>\n\n     <div class=\"loading-spin dark large centered\"><\/div>\n\n\t<\/div>\n\n\n\n\t\t<\/div>\n\t\t\t\t\t<\/div>\n\n\t\n\n<\/div>\n\n\t\t<\/div>\n\n\t\t\n<style>\n#section_924678231 {\n  padding-top: 40px;\n  padding-bottom: 40px;\n}\n#section_924678231 .section-bg-overlay {\n  background-color: rgba(0, 0, 0, 0.093);\n}\n#section_924678231 .section-bg img {\n  object-position: 57% 71%;\n}\n<\/style>\n\t<\/section>\n\t\n\t<div id=\"gap-1794069434\" class=\"gap-element clearfix\" style=\"display:block; height:auto;\">\n\t\t\n<style>\n#gap-1794069434 {\n  padding-top: 50px;\n}\n<\/style>\n\t<\/div>\n\t\n\n\n\t<section class=\"section dark\" id=\"section_791027695\">\n\t\t<div class=\"section-bg fill\" >\n\t\t\t\t\t\t\t\t\t\n\t\t\t\n\n\t\t<\/div>\n\n\t\t\n\n\t\t<div class=\"section-content relative\">\n\t\t\t\n\n\t<div id=\"gap-473468951\" class=\"gap-element clearfix\" style=\"display:block; height:auto;\">\n\t\t\n<style>\n#gap-473468951 {\n  padding-top: 30px;\n}\n<\/style>\n\t<\/div>\n\t\n\n<div class=\"row\"  id=\"row-1824246776\">\n\n\n\t<div id=\"col-1260721746\" class=\"col medium-6 small-12 large-4\"  >\n\t\t\t\t<div class=\"col-inner\"  >\n\t\t\t\n\t\t\t\n\n\t<div class=\"img has-hover x md-x lg-x y md-y lg-y\" id=\"image_594483128\">\n\t\t\t\t\t\t\t\t<div class=\"img-inner dark\" >\n\t\t\t<img loading=\"lazy\" decoding=\"async\" width=\"800\" height=\"334\" src=\"https:\/\/metplas.com.tr\/wp-content\/uploads\/2022\/04\/METPLASLogo-1-800x334.png\" class=\"attachment-medium size-medium\" alt=\"\" srcset=\"https:\/\/metplas.com.tr\/wp-content\/uploads\/2022\/04\/METPLASLogo-1-800x334.png 800w, https:\/\/metplas.com.tr\/wp-content\/uploads\/2022\/04\/METPLASLogo-1-768x321.png 768w, https:\/\/metplas.com.tr\/wp-content\/uploads\/2022\/04\/METPLASLogo-1-600x251.png 600w, https:\/\/metplas.com.tr\/wp-content\/uploads\/2022\/04\/METPLASLogo-1.png 816w\" sizes=\"auto, (max-width: 800px) 100vw, 800px\" \/>\t\t\t\t\t\t\n\t\t\t\t\t<\/div>\n\t\t\t\t\t\t\t\t\n<style>\n#image_594483128 {\n  width: 40%;\n}\n@media (min-width:550px) {\n  #image_594483128 {\n    width: 30%;\n  }\n}\n@media (min-width:850px) {\n  #image_594483128 {\n    width: 60%;\n  }\n}\n<\/style>\n\t<\/div>\n\t\n\n\t<div id=\"gap-1779355059\" class=\"gap-element clearfix\" style=\"display:block; height:auto;\">\n\t\t\n<style>\n#gap-1779355059 {\n  padding-top: 10px;\n}\n<\/style>\n\t<\/div>\n\t\n\n<p>Maltepe Mh. Hastane Yolu Sk.<br \/>No:1 34010 Zeytinburnu<br \/>\u0130stanbul \u2013 TURKEY<\/p>\n<div id=\"gtx-trans\" style=\"position: absolute; left: -24px; top: -11.1016px;\">\n<div class=\"gtx-trans-icon\">&nbsp;<\/div>\n<\/div>\n<a class=\"button white is-link is-small\" >\n\t<i class=\"icon-phone\" aria-hidden=\"true\"><\/i>\t<span>+90 212 567 35 36<\/span>\n\t<\/a>\n\n\n<a class=\"button white is-link is-small lowercase\" >\n\t<i class=\"icon-envelop\" aria-hidden=\"true\"><\/i>\t<span>info@metplas.com.tr<\/span>\n\t<\/a>\n\n\n\n\t\t<\/div>\n\t\t\t\t\t<\/div>\n\n\t\n\n\t<div id=\"col-54882921\" class=\"col medium-12 small-12 large-8\"  >\n\t\t\t\t<div class=\"col-inner\"  >\n\t\t\t\n\t\t\t\n\n<div class=\"row row-small\"  id=\"row-983575430\">\n\n\n\t<div id=\"col-1014158662\" class=\"col medium-4 small-12 large-4\"  >\n\t\t\t\t<div class=\"col-inner\"  >\n\t\t\t\n\t\t\t\n\n<h4>METPLAS<\/h4>\n<ul>\n<li><a href=\"https:\/\/metplas.com.tr\/en\/\"><span style=\"font-size: 90%;\">HOME<\/span><\/a><\/li>\n<li><a href=\"https:\/\/metplas.com.tr\/en\/hakkimizda\/\"><span style=\"font-size: 12.96px;\">ABOUT US<\/span><\/a><\/li>\n<li><a href=\"https:\/\/metplas.com.tr\/en\/sertifikalar\/\"><span style=\"font-size: 12.96px;\">CERTIFICATES<\/span><\/a><\/li>\n<li><a href=\"https:\/\/metplas.com.tr\/en\/sertifikalar\/\">F.A.Q.<\/a><\/li>\n<li><a href=\"https:\/\/metplas.com.tr\/en\/iletisim\/\">CONTACT<\/a><\/li>\n<\/ul>\n\n\t\t<\/div>\n\t\t\t\t\t<\/div>\n\n\t\n\n\t<div id=\"col-940710986\" class=\"col medium-4 small-12 large-4\"  >\n\t\t\t\t<div class=\"col-inner\"  >\n\t\t\t\n\t\t\t\n\n<h4>OUR BRANDS<\/h4>\n<ul>\n<li class=\"bullet-arrow\"><a href=\"https:\/\/rubikap.com\/\" target=\"_blank\" rel=\"noopener\"><span style=\"font-size: 12.96px;\">Rubikap<\/span><\/a><\/li>\n<li class=\"bullet-arrow\"><a href=\"https:\/\/comfy.com.tr\/\" target=\"_blank\" rel=\"noopener\"><span style=\"font-size: 12.96px;\">Comfy<\/span><\/a><\/li>\n<\/ul>\n\n\t\t<\/div>\n\t\t\t\t\t<\/div>\n\n\t\n\n\t<div id=\"col-145595598\" class=\"col medium-4 small-12 large-4\"  >\n\t\t\t\t<div class=\"col-inner\"  >\n\t\t\t\n\t\t\t\n\n<h4>SOCIAL MEDIA<\/h4>\n<div id=\"gtx-trans\" style=\"position: absolute; left: -16px; top: -6.35156px;\">\n<div class=\"gtx-trans-icon\">&nbsp;<\/div>\n<\/div>\n<div class=\"social-icons follow-icons full-width text-left\" ><a href=\"https:\/\/www.instagram.com\/rubikap\" target=\"_blank\" data-label=\"Instagram\" class=\"icon button circle is-outline tooltip instagram\" title=\"Follow on Instagram\" aria-label=\"Follow on Instagram\" rel=\"noopener nofollow\"><i class=\"icon-instagram\" aria-hidden=\"true\"><\/i><\/a><a href=\"https:\/\/www.linkedin.com\/company\/rubikap\" data-label=\"LinkedIn\" target=\"_blank\" class=\"icon button circle is-outline tooltip linkedin\" title=\"Follow on LinkedIn\" aria-label=\"Follow on LinkedIn\" rel=\"noopener nofollow\"><i class=\"icon-linkedin\" aria-hidden=\"true\"><\/i><\/a><a href=\"https:\/\/www.youtube.com\/channel\/UC1GiuVgjjGVTFags6eP43jA\" data-label=\"YouTube\" target=\"_blank\" class=\"icon button circle is-outline tooltip youtube\" title=\"Follow on YouTube\" aria-label=\"Follow on YouTube\" rel=\"noopener nofollow\"><i class=\"icon-youtube\" aria-hidden=\"true\"><\/i><\/a><\/div>\n\n\n\t\t<\/div>\n\t\t\t\t\t<\/div>\n\n\t\n\n<\/div>\n<div class=\"is-divider divider clearfix\" style=\"max-width:100%;height:2px;background-color:rgb(255, 255, 255);\"><\/div>\n\n\n\t\t<\/div>\n\t\t\t\t\n<style>\n#col-54882921 > .col-inner {\n  padding: 0px 0px 0px 0px;\n  margin: 0px 0px 0 0px;\n}\n<\/style>\n\t<\/div>\n\n\t\n\n<\/div>\n\n\t\t<\/div>\n\n\t\t\n<style>\n#section_791027695 {\n  padding-top: 0px;\n  padding-bottom: 0px;\n  background-color: rgb(91, 91, 91);\n}\n@media (min-width:550px) {\n  #section_791027695 {\n    padding-top: 0px;\n    padding-bottom: 0px;\n  }\n}\n<\/style>\n\t<\/section>","protected":false},"excerpt":{"rendered":"","protected":false},"author":1,"featured_media":0,"parent":0,"menu_order":0,"comment_status":"closed","ping_status":"closed","template":"page-transparent-header-light.php","meta":{"footnotes":""},"class_list":["post-261","page","type-page","status-publish","hentry"],"yoast_head":"<!-- This site is optimized with the Yoast SEO plugin v27.3 - https:\/\/yoast.com\/product\/yoast-seo-wordpress\/ -->\n<title>\u0130LET\u0130\u015e\u0130M - Metplas Plastic<\/title>\n<meta name=\"robots\" content=\"index, follow, max-snippet:-1, max-image-preview:large, max-video-preview:-1\" \/>\n<link rel=\"canonical\" href=\"https:\/\/metplas.com.tr\/en\/iletisim\/\" \/>\n<meta property=\"og:locale\" content=\"en_US\" \/>\n<meta property=\"og:type\" content=\"article\" \/>\n<meta property=\"og:title\" content=\"\u0130LET\u0130\u015e\u0130M - Metplas Plastic\" \/>\n<meta property=\"og:url\" content=\"https:\/\/metplas.com.tr\/en\/iletisim\/\" \/>\n<meta property=\"og:site_name\" content=\"Metplas Plastic\" \/>\n<meta property=\"article:publisher\" content=\"https:\/\/www.facebook.com\/MetplasPlastic\" \/>\n<meta property=\"article:modified_time\" content=\"2023-08-06T08:53:14+00:00\" \/>\n<meta name=\"twitter:card\" content=\"summary_large_image\" \/>\n<meta name=\"twitter:site\" content=\"@rubikapplastic\" \/>\n<meta name=\"twitter:label1\" content=\"Est. reading time\" \/>\n\t<meta name=\"twitter:data1\" content=\"2 minutes\" \/>\n<!-- \/ Yoast SEO plugin. -->","yoast_head_json":{"title":"\u0130LET\u0130\u015e\u0130M - Metplas Plastic","robots":{"index":"index","follow":"follow","max-snippet":"max-snippet:-1","max-image-preview":"max-image-preview:large","max-video-preview":"max-video-preview:-1"},"canonical":"https:\/\/metplas.com.tr\/en\/iletisim\/","og_locale":"en_US","og_type":"article","og_title":"\u0130LET\u0130\u015e\u0130M - Metplas Plastic","og_url":"https:\/\/metplas.com.tr\/en\/iletisim\/","og_site_name":"Metplas Plastic","article_publisher":"https:\/\/www.facebook.com\/MetplasPlastic","article_modified_time":"2023-08-06T08:53:14+00:00","twitter_card":"summary_large_image","twitter_site":"@rubikapplastic","twitter_misc":{"Est. reading time":"2 minutes"},"schema":{"@context":"https:\/\/schema.org","@graph":[{"@type":"TechArticle","@id":"https:\/\/metplas.com.tr\/iletisim\/#article","isPartOf":{"@id":"https:\/\/metplas.com.tr\/iletisim\/"},"author":{"name":"Metplas","@id":"https:\/\/metplas.com.tr\/#\/schema\/person\/69c8b602517eb0035cfa8b1a48b057e9"},"headline":"\u0130LET\u0130\u015e\u0130M","datePublished":"2022-04-21T21:59:00+00:00","dateModified":"2023-08-06T08:53:14+00:00","mainEntityOfPage":{"@id":"https:\/\/metplas.com.tr\/iletisim\/"},"wordCount":465,"publisher":{"@id":"https:\/\/metplas.com.tr\/#organization"},"inLanguage":"en-US"},{"@type":"WebPage","@id":"https:\/\/metplas.com.tr\/iletisim\/","url":"https:\/\/metplas.com.tr\/iletisim\/","name":"\u0130LET\u0130\u015e\u0130M - Metplas Plastic","isPartOf":{"@id":"https:\/\/metplas.com.tr\/#website"},"datePublished":"2022-04-21T21:59:00+00:00","dateModified":"2023-08-06T08:53:14+00:00","breadcrumb":{"@id":"https:\/\/metplas.com.tr\/iletisim\/#breadcrumb"},"inLanguage":"en-US","potentialAction":[{"@type":"ReadAction","target":["https:\/\/metplas.com.tr\/iletisim\/"]}]},{"@type":"BreadcrumbList","@id":"https:\/\/metplas.com.tr\/iletisim\/#breadcrumb","itemListElement":[{"@type":"ListItem","position":1,"name":"Anasayfa","item":"https:\/\/metplas.com.tr\/"},{"@type":"ListItem","position":2,"name":"\u0130LET\u0130\u015e\u0130M"}]},{"@type":"WebSite","@id":"https:\/\/metplas.com.tr\/#website","url":"https:\/\/metplas.com.tr\/","name":"Metplas Plastik","description":"Metplas Plastik","publisher":{"@id":"https:\/\/metplas.com.tr\/#organization"},"potentialAction":[{"@type":"SearchAction","target":{"@type":"EntryPoint","urlTemplate":"https:\/\/metplas.com.tr\/?s={search_term_string}"},"query-input":{"@type":"PropertyValueSpecification","valueRequired":true,"valueName":"search_term_string"}}],"inLanguage":"en-US"},{"@type":"Organization","@id":"https:\/\/metplas.com.tr\/#organization","name":"Metplas Plastik","alternateName":"Metplas","url":"https:\/\/metplas.com.tr\/","logo":{"@type":"ImageObject","inLanguage":"en-US","@id":"https:\/\/metplas.com.tr\/#\/schema\/logo\/image\/","url":"https:\/\/metplas.com.tr\/wp-content\/uploads\/2022\/04\/METPLASLogo.png","contentUrl":"https:\/\/metplas.com.tr\/wp-content\/uploads\/2022\/04\/METPLASLogo.png","width":816,"height":341,"caption":"Metplas Plastik"},"image":{"@id":"https:\/\/metplas.com.tr\/#\/schema\/logo\/image\/"},"sameAs":["https:\/\/www.facebook.com\/MetplasPlastic","https:\/\/x.com\/rubikapplastic","https:\/\/www.instagram.com\/rubikap","https:\/\/www.youtube.com\/channel\/UC1GiuVgjjGVTFags6eP43jA","https:\/\/www.linkedin.com\/company\/rubikap"]},{"@type":"Person","@id":"https:\/\/metplas.com.tr\/#\/schema\/person\/69c8b602517eb0035cfa8b1a48b057e9","name":"Metplas","image":{"@type":"ImageObject","inLanguage":"en-US","@id":"https:\/\/secure.gravatar.com\/avatar\/8e5f894696315080ff259889b3a663a799cf74a45b96332a99f5dca8af313c7c?s=96&d=mm&r=g","url":"https:\/\/secure.gravatar.com\/avatar\/8e5f894696315080ff259889b3a663a799cf74a45b96332a99f5dca8af313c7c?s=96&d=mm&r=g","contentUrl":"https:\/\/secure.gravatar.com\/avatar\/8e5f894696315080ff259889b3a663a799cf74a45b96332a99f5dca8af313c7c?s=96&d=mm&r=g","caption":"Metplas"},"sameAs":["https:\/\/metplas.com.tr"],"url":"https:\/\/metplas.com.tr\/en\/author\/metplas\/"}]}},"_links":{"self":[{"href":"https:\/\/metplas.com.tr\/en\/wp-json\/wp\/v2\/pages\/261","targetHints":{"allow":["GET"]}}],"collection":[{"href":"https:\/\/metplas.com.tr\/en\/wp-json\/wp\/v2\/pages"}],"about":[{"href":"https:\/\/metplas.com.tr\/en\/wp-json\/wp\/v2\/types\/page"}],"author":[{"embeddable":true,"href":"https:\/\/metplas.com.tr\/en\/wp-json\/wp\/v2\/users\/1"}],"replies":[{"embeddable":true,"href":"https:\/\/metplas.com.tr\/en\/wp-json\/wp\/v2\/comments?post=261"}],"version-history":[{"count":9,"href":"https:\/\/metplas.com.tr\/en\/wp-json\/wp\/v2\/pages\/261\/revisions"}],"predecessor-version":[{"id":928,"href":"https:\/\/metplas.com.tr\/en\/wp-json\/wp\/v2\/pages\/261\/revisions\/928"}],"wp:attachment":[{"href":"https:\/\/metplas.com.tr\/en\/wp-json\/wp\/v2\/media?parent=261"}],"curies":[{"name":"wp","href":"https:\/\/api.w.org\/{rel}","templated":true}]}}